{"id":3103,"date":"2025-07-28T01:05:45","date_gmt":"2025-07-28T06:05:45","guid":{"rendered":"https:\/\/restaurantbeba.ca\/?post_type=product&#038;p=3103"},"modified":"2025-12-30T19:20:14","modified_gmt":"2025-12-31T00:20:14","slug":"six-year-anniversary-tshirt","status":"publish","type":"product","link":"https:\/\/restaurantbeba.ca\/en\/shop\/six-year-anniversary-tshirt\/","title":{"rendered":"Anniversary T-Shirt"},"content":{"rendered":"<p>American Apparel heavyweight cotton t-shirt in cream with navy print.<\/p>","protected":false},"excerpt":{"rendered":"<p class=\"p1\"><i>Gildan Hammer t-shirt designed by Joel Malkin to celebrate Beba's 6 year anniversary.<\/i><\/p>","protected":false},"featured_media":3110,"template":"","meta":[],"product_brand":[],"product_cat":[41],"product_tag":[],"class_list":{"0":"post-3103","1":"product","2":"type-product","3":"status-publish","4":"has-post-thumbnail","6":"product_cat-t-shirt","7":"product_shipping_class-physical-product","9":"first","10":"instock","11":"taxable","12":"shipping-taxable","13":"purchasable","14":"product-type-variable"},"yoast_head":"<!-- This site is optimized with the Yoast SEO Premium plugin v26.7 (Yoast SEO v27.5) - https:\/\/yoast.com\/product\/yoast-seo-premium-wordpress\/ -->\n<title>T-Shirt Anniversaire - Restaurant Beba<\/title>\n<meta name=\"description\" content=\"T-shirt Gildan Hammer dessin\u00e9 par Joel Malkin pour c\u00e9l\u00e9brer le 6e anniversaire de Beba.\" \/>\n<meta name=\"robots\" content=\"index, follow, max-snippet:-1, max-image-preview:large, max-video-preview:-1\" \/>\n<link rel=\"canonical\" href=\"https:\/\/restaurantbeba.ca\/en\/shop\/six-year-anniversary-tshirt\/\" \/>\n<meta property=\"og:locale\" content=\"en_US\" \/>\n<meta property=\"og:type\" content=\"article\" \/>\n<meta property=\"og:title\" content=\"T-Shirt Anniversaire\" \/>\n<meta property=\"og:description\" content=\"T-shirt Gildan Hammer dessin\u00e9 par Joel Malkin pour c\u00e9l\u00e9brer le 6e anniversaire de Beba.\" \/>\n<meta property=\"og:url\" content=\"https:\/\/restaurantbeba.ca\/en\/shop\/six-year-anniversary-tshirt\/\" \/>\n<meta property=\"og:site_name\" content=\"Restaurant Beba\" \/>\n<meta property=\"article:publisher\" content=\"https:\/\/www.facebook.com\/RestaurantBeba\/\" \/>\n<meta property=\"article:modified_time\" content=\"2025-12-31T00:20:14+00:00\" \/>\n<meta property=\"og:image\" content=\"https:\/\/restaurantbeba.ca\/wp-content\/uploads\/2025\/07\/Beba_Summer_Session-151.jpg\" \/>\n\t<meta property=\"og:image:width\" content=\"1000\" \/>\n\t<meta property=\"og:image:height\" content=\"1000\" \/>\n\t<meta property=\"og:image:type\" content=\"image\/jpeg\" \/>\n<meta name=\"twitter:card\" content=\"summary_large_image\" \/>\n<meta name=\"twitter:label1\" content=\"Est. reading time\" \/>\n\t<meta name=\"twitter:data1\" content=\"1 minute\" \/>\n<script type=\"application\/ld+json\" class=\"yoast-schema-graph\">{\"@context\":\"https:\\\/\\\/schema.org\",\"@graph\":[{\"@type\":\"WebPage\",\"@id\":\"https:\\\/\\\/restaurantbeba.ca\\\/shop\\\/six-year-anniversary-tshirt\\\/\",\"url\":\"https:\\\/\\\/restaurantbeba.ca\\\/shop\\\/six-year-anniversary-tshirt\\\/\",\"name\":\"T-Shirt Anniversaire - Restaurant Beba\",\"isPartOf\":{\"@id\":\"https:\\\/\\\/restaurantbeba.ca\\\/#website\"},\"primaryImageOfPage\":{\"@id\":\"https:\\\/\\\/restaurantbeba.ca\\\/shop\\\/six-year-anniversary-tshirt\\\/#primaryimage\"},\"image\":{\"@id\":\"https:\\\/\\\/restaurantbeba.ca\\\/shop\\\/six-year-anniversary-tshirt\\\/#primaryimage\"},\"thumbnailUrl\":\"https:\\\/\\\/restaurantbeba.ca\\\/wp-content\\\/uploads\\\/2025\\\/07\\\/Beba_Summer_Session-151.jpg\",\"datePublished\":\"2025-07-28T06:05:45+00:00\",\"dateModified\":\"2025-12-31T00:20:14+00:00\",\"description\":\"T-shirt Gildan Hammer dessin\u00e9 par Joel Malkin pour c\u00e9l\u00e9brer le 6e anniversaire de Beba.\",\"breadcrumb\":{\"@id\":\"https:\\\/\\\/restaurantbeba.ca\\\/shop\\\/six-year-anniversary-tshirt\\\/#breadcrumb\"},\"inLanguage\":\"en-CA\",\"potentialAction\":[{\"@type\":\"ReadAction\",\"target\":[\"https:\\\/\\\/restaurantbeba.ca\\\/shop\\\/six-year-anniversary-tshirt\\\/\"]}]},{\"@type\":\"ImageObject\",\"inLanguage\":\"en-CA\",\"@id\":\"https:\\\/\\\/restaurantbeba.ca\\\/shop\\\/six-year-anniversary-tshirt\\\/#primaryimage\",\"url\":\"https:\\\/\\\/restaurantbeba.ca\\\/wp-content\\\/uploads\\\/2025\\\/07\\\/Beba_Summer_Session-151.jpg\",\"contentUrl\":\"https:\\\/\\\/restaurantbeba.ca\\\/wp-content\\\/uploads\\\/2025\\\/07\\\/Beba_Summer_Session-151.jpg\",\"width\":1000,\"height\":1000},{\"@type\":\"BreadcrumbList\",\"@id\":\"https:\\\/\\\/restaurantbeba.ca\\\/shop\\\/six-year-anniversary-tshirt\\\/#breadcrumb\",\"itemListElement\":[{\"@type\":\"ListItem\",\"position\":1,\"name\":\"Home\",\"item\":\"https:\\\/\\\/restaurantbeba.ca\\\/\"},{\"@type\":\"ListItem\",\"position\":2,\"name\":\"Boutique\",\"item\":\"https:\\\/\\\/restaurantbeba.ca\\\/boutique\\\/\"},{\"@type\":\"ListItem\",\"position\":3,\"name\":\"T-Shirt Anniversaire\"}]},{\"@type\":\"WebSite\",\"@id\":\"https:\\\/\\\/restaurantbeba.ca\\\/#website\",\"url\":\"https:\\\/\\\/restaurantbeba.ca\\\/\",\"name\":\"Restaurant Beba\",\"description\":\"Beba est un petit restaurant intime au c\u0153ur de Verdun servant des plats et des boissons inspir\u00e9s des cultures espagnole et italienne qui se sont install\u00e9es en Argentine.\",\"publisher\":{\"@id\":\"https:\\\/\\\/restaurantbeba.ca\\\/#organization\"},\"potentialAction\":[{\"@type\":\"SearchAction\",\"target\":{\"@type\":\"EntryPoint\",\"urlTemplate\":\"https:\\\/\\\/restaurantbeba.ca\\\/?s={search_term_string}\"},\"query-input\":{\"@type\":\"PropertyValueSpecification\",\"valueRequired\":true,\"valueName\":\"search_term_string\"}}],\"inLanguage\":\"en-CA\"},{\"@type\":\"Organization\",\"@id\":\"https:\\\/\\\/restaurantbeba.ca\\\/#organization\",\"name\":\"Restaurant Beba\",\"url\":\"https:\\\/\\\/restaurantbeba.ca\\\/\",\"logo\":{\"@type\":\"ImageObject\",\"inLanguage\":\"en-CA\",\"@id\":\"https:\\\/\\\/restaurantbeba.ca\\\/#\\\/schema\\\/logo\\\/image\\\/\",\"url\":\"https:\\\/\\\/restaurantbeba.ca\\\/wp-content\\\/uploads\\\/2023\\\/01\\\/beba_logo_white_140x-2.png\",\"contentUrl\":\"https:\\\/\\\/restaurantbeba.ca\\\/wp-content\\\/uploads\\\/2023\\\/01\\\/beba_logo_white_140x-2.png\",\"width\":140,\"height\":54,\"caption\":\"Restaurant Beba\"},\"image\":{\"@id\":\"https:\\\/\\\/restaurantbeba.ca\\\/#\\\/schema\\\/logo\\\/image\\\/\"},\"sameAs\":[\"https:\\\/\\\/www.facebook.com\\\/RestaurantBeba\\\/\",\"https:\\\/\\\/www.instagram.com\\\/restaurantbeba\\\/?hl=en\"]}]}<\/script>\n<!-- \/ Yoast SEO Premium plugin. -->","yoast_head_json":{"title":"T-Shirt Anniversaire - Restaurant Beba","description":"T-shirt Gildan Hammer dessin\u00e9 par Joel Malkin pour c\u00e9l\u00e9brer le 6e anniversaire de Beba.","robots":{"index":"index","follow":"follow","max-snippet":"max-snippet:-1","max-image-preview":"max-image-preview:large","max-video-preview":"max-video-preview:-1"},"canonical":"https:\/\/restaurantbeba.ca\/en\/shop\/six-year-anniversary-tshirt\/","og_locale":"en_US","og_type":"article","og_title":"T-Shirt Anniversaire","og_description":"T-shirt Gildan Hammer dessin\u00e9 par Joel Malkin pour c\u00e9l\u00e9brer le 6e anniversaire de Beba.","og_url":"https:\/\/restaurantbeba.ca\/en\/shop\/six-year-anniversary-tshirt\/","og_site_name":"Restaurant Beba","article_publisher":"https:\/\/www.facebook.com\/RestaurantBeba\/","article_modified_time":"2025-12-31T00:20:14+00:00","og_image":[{"width":1000,"height":1000,"url":"https:\/\/restaurantbeba.ca\/wp-content\/uploads\/2025\/07\/Beba_Summer_Session-151.jpg","type":"image\/jpeg"}],"twitter_card":"summary_large_image","twitter_misc":{"Est. reading time":"1 minute"},"schema":{"@context":"https:\/\/schema.org","@graph":[{"@type":"WebPage","@id":"https:\/\/restaurantbeba.ca\/shop\/six-year-anniversary-tshirt\/","url":"https:\/\/restaurantbeba.ca\/shop\/six-year-anniversary-tshirt\/","name":"T-Shirt Anniversaire - Restaurant Beba","isPartOf":{"@id":"https:\/\/restaurantbeba.ca\/#website"},"primaryImageOfPage":{"@id":"https:\/\/restaurantbeba.ca\/shop\/six-year-anniversary-tshirt\/#primaryimage"},"image":{"@id":"https:\/\/restaurantbeba.ca\/shop\/six-year-anniversary-tshirt\/#primaryimage"},"thumbnailUrl":"https:\/\/restaurantbeba.ca\/wp-content\/uploads\/2025\/07\/Beba_Summer_Session-151.jpg","datePublished":"2025-07-28T06:05:45+00:00","dateModified":"2025-12-31T00:20:14+00:00","description":"T-shirt Gildan Hammer dessin\u00e9 par Joel Malkin pour c\u00e9l\u00e9brer le 6e anniversaire de Beba.","breadcrumb":{"@id":"https:\/\/restaurantbeba.ca\/shop\/six-year-anniversary-tshirt\/#breadcrumb"},"inLanguage":"en-CA","potentialAction":[{"@type":"ReadAction","target":["https:\/\/restaurantbeba.ca\/shop\/six-year-anniversary-tshirt\/"]}]},{"@type":"ImageObject","inLanguage":"en-CA","@id":"https:\/\/restaurantbeba.ca\/shop\/six-year-anniversary-tshirt\/#primaryimage","url":"https:\/\/restaurantbeba.ca\/wp-content\/uploads\/2025\/07\/Beba_Summer_Session-151.jpg","contentUrl":"https:\/\/restaurantbeba.ca\/wp-content\/uploads\/2025\/07\/Beba_Summer_Session-151.jpg","width":1000,"height":1000},{"@type":"BreadcrumbList","@id":"https:\/\/restaurantbeba.ca\/shop\/six-year-anniversary-tshirt\/#breadcrumb","itemListElement":[{"@type":"ListItem","position":1,"name":"Home","item":"https:\/\/restaurantbeba.ca\/"},{"@type":"ListItem","position":2,"name":"Boutique","item":"https:\/\/restaurantbeba.ca\/boutique\/"},{"@type":"ListItem","position":3,"name":"T-Shirt Anniversaire"}]},{"@type":"WebSite","@id":"https:\/\/restaurantbeba.ca\/#website","url":"https:\/\/restaurantbeba.ca\/","name":"Restaurant Beba","description":"Beba est un petit restaurant intime au c\u0153ur de Verdun servant des plats et des boissons inspir\u00e9s des cultures espagnole et italienne qui se sont install\u00e9es en Argentine.","publisher":{"@id":"https:\/\/restaurantbeba.ca\/#organization"},"potentialAction":[{"@type":"SearchAction","target":{"@type":"EntryPoint","urlTemplate":"https:\/\/restaurantbeba.ca\/?s={search_term_string}"},"query-input":{"@type":"PropertyValueSpecification","valueRequired":true,"valueName":"search_term_string"}}],"inLanguage":"en-CA"},{"@type":"Organization","@id":"https:\/\/restaurantbeba.ca\/#organization","name":"Restaurant Beba","url":"https:\/\/restaurantbeba.ca\/","logo":{"@type":"ImageObject","inLanguage":"en-CA","@id":"https:\/\/restaurantbeba.ca\/#\/schema\/logo\/image\/","url":"https:\/\/restaurantbeba.ca\/wp-content\/uploads\/2023\/01\/beba_logo_white_140x-2.png","contentUrl":"https:\/\/restaurantbeba.ca\/wp-content\/uploads\/2023\/01\/beba_logo_white_140x-2.png","width":140,"height":54,"caption":"Restaurant Beba"},"image":{"@id":"https:\/\/restaurantbeba.ca\/#\/schema\/logo\/image\/"},"sameAs":["https:\/\/www.facebook.com\/RestaurantBeba\/","https:\/\/www.instagram.com\/restaurantbeba\/?hl=en"]}]}},"_links":{"self":[{"href":"https:\/\/restaurantbeba.ca\/en\/wp-json\/wp\/v2\/product\/3103","targetHints":{"allow":["GET"]}}],"collection":[{"href":"https:\/\/restaurantbeba.ca\/en\/wp-json\/wp\/v2\/product"}],"about":[{"href":"https:\/\/restaurantbeba.ca\/en\/wp-json\/wp\/v2\/types\/product"}],"version-history":[{"count":4,"href":"https:\/\/restaurantbeba.ca\/en\/wp-json\/wp\/v2\/product\/3103\/revisions"}],"predecessor-version":[{"id":3185,"href":"https:\/\/restaurantbeba.ca\/en\/wp-json\/wp\/v2\/product\/3103\/revisions\/3185"}],"wp:featuredmedia":[{"embeddable":true,"href":"https:\/\/restaurantbeba.ca\/en\/wp-json\/wp\/v2\/media\/3110"}],"wp:attachment":[{"href":"https:\/\/restaurantbeba.ca\/en\/wp-json\/wp\/v2\/media?parent=3103"}],"wp:term":[{"taxonomy":"product_brand","embeddable":true,"href":"https:\/\/restaurantbeba.ca\/en\/wp-json\/wp\/v2\/product_brand?post=3103"},{"taxonomy":"product_cat","embeddable":true,"href":"https:\/\/restaurantbeba.ca\/en\/wp-json\/wp\/v2\/product_cat?post=3103"},{"taxonomy":"product_tag","embeddable":true,"href":"https:\/\/restaurantbeba.ca\/en\/wp-json\/wp\/v2\/product_tag?post=3103"}],"curies":[{"name":"wp","href":"https:\/\/api.w.org\/{rel}","templated":true}]}}