{"id":369,"date":"2023-02-13T11:06:30","date_gmt":"2023-02-13T16:06:30","guid":{"rendered":"https:\/\/restaurantbeba.ca\/?page_id=369"},"modified":"2025-05-10T09:32:12","modified_gmt":"2025-05-10T14:32:12","slug":"reservations-de-groupe","status":"publish","type":"page","link":"https:\/\/restaurantbeba.ca\/en\/reservations-de-groupe\/","title":{"rendered":"Group reservations"},"content":{"rendered":"\t\t<div data-elementor-type=\"wp-page\" data-elementor-id=\"369\" class=\"elementor elementor-369\" data-elementor-post-type=\"page\">\n\t\t\t\t\t\t<section class=\"elementor-section elementor-top-section elementor-element elementor-element-753bcaba elementor-section-content-middle elementor-section-boxed elementor-section-height-default elementor-section-height-default\" data-id=\"753bcaba\" data-element_type=\"section\">\n\t\t\t\t\t\t<div class=\"elementor-container elementor-column-gap-default\">\n\t\t\t\t\t<div class=\"elementor-column elementor-col-100 elementor-top-column elementor-element elementor-element-30bb913b\" data-id=\"30bb913b\" data-element_type=\"column\">\n\t\t\t<div class=\"elementor-widget-wrap elementor-element-populated\">\n\t\t\t\t\t\t<div class=\"elementor-element elementor-element-ac7db59 elementor-widget elementor-widget-heading\" data-id=\"ac7db59\" data-element_type=\"widget\" data-widget_type=\"heading.default\">\n\t\t\t\t<div class=\"elementor-widget-container\">\n\t\t\t\t\t<h2 class=\"elementor-heading-title elementor-size-default\">demande de R\u00e9servation de groupe<\/h2>\t\t\t\t<\/div>\n\t\t\t\t<\/div>\n\t\t\t\t<div class=\"elementor-element elementor-element-31453e8 elementor-widget elementor-widget-text-editor\" data-id=\"31453e8\" data-element_type=\"widget\" data-widget_type=\"text-editor.default\">\n\t\t\t\t<div class=\"elementor-widget-container\">\n\t\t\t\t\t\t\t\t\t<p>Pour les groupes de cinq personnes et plus, nous offrons un menu de groupe \u00e0 partir de 120 $ par personne compos\u00e9 de quatre plats \u00e0 partager : poissons et fruits de mer, viandes r\u00f4ties et brais\u00e9es, accompagnements de l\u00e9gumes et salades, et desserts. <br><br>Veuillez noter que les boissons, les taxes et le pourboire ne sont pas inclus. Un pourboire de 20% sera automatiquement ajout\u00e9 \u00e0 la facture.<\/p>\t\t\t\t\t\t\t\t<\/div>\n\t\t\t\t<\/div>\n\t\t\t\t<div class=\"elementor-element elementor-element-58c7fe42 elementor-button-align-end elementor-mobile-button-align-center elementor-widget elementor-widget-form\" data-id=\"58c7fe42\" data-element_type=\"widget\" data-settings=\"{&quot;step_next_label&quot;:&quot;Next&quot;,&quot;step_previous_label&quot;:&quot;Previous&quot;,&quot;button_width_mobile&quot;:&quot;100&quot;,&quot;step_type&quot;:&quot;number_text&quot;,&quot;step_icon_shape&quot;:&quot;circle&quot;}\" data-widget_type=\"form.default\">\n\t\t\t\t<div class=\"elementor-widget-container\">\n\t\t\t\t\t\t\t<form class=\"elementor-form\" method=\"post\" name=\"Contact\" aria-label=\"Contact\">\n\t\t\t<input type=\"hidden\" name=\"post_id\" value=\"369\"\/>\n\t\t\t<input type=\"hidden\" name=\"form_id\" value=\"58c7fe42\"\/>\n\t\t\t<input type=\"hidden\" name=\"referer_title\" value=\"Restaurant Beba\" \/>\n\n\t\t\t\n\t\t\t<div class=\"elementor-form-fields-wrapper elementor-labels-\">\n\t\t\t\t\t\t\t\t<div class=\"elementor-field-type-text elementor-field-group elementor-column elementor-field-group-name elementor-col-30\">\n\t\t\t\t\t\t\t\t\t\t\t\t<label for=\"form-field-name\" class=\"elementor-field-label elementor-screen-only\">\n\t\t\t\t\t\t\t\tFirst Name\t\t\t\t\t\t\t<\/label>\n\t\t\t\t\t\t\t\t\t\t\t\t\t\t<input size=\"1\" type=\"text\" name=\"form_fields[name]\" id=\"form-field-name\" class=\"elementor-field elementor-size-sm  elementor-field-textual\" placeholder=\"Pr\u00e9nom\">\n\t\t\t\t\t\t\t\t\t\t\t<\/div>\n\t\t\t\t\t\t\t\t<div class=\"elementor-field-type-text elementor-field-group elementor-column elementor-field-group-field_3 elementor-col-30\">\n\t\t\t\t\t\t\t\t\t\t\t\t<label for=\"form-field-field_3\" class=\"elementor-field-label elementor-screen-only\">\n\t\t\t\t\t\t\t\tLast Name\t\t\t\t\t\t\t<\/label>\n\t\t\t\t\t\t\t\t\t\t\t\t\t\t<input size=\"1\" type=\"text\" name=\"form_fields[field_3]\" id=\"form-field-field_3\" class=\"elementor-field elementor-size-sm  elementor-field-textual\" placeholder=\" Nom de famille\">\n\t\t\t\t\t\t\t\t\t\t\t<\/div>\n\t\t\t\t\t\t\t\t<div class=\"elementor-field-type-tel elementor-field-group elementor-column elementor-field-group-field_2 elementor-col-40\">\n\t\t\t\t\t\t\t\t\t\t\t\t<label for=\"form-field-field_2\" class=\"elementor-field-label elementor-screen-only\">\n\t\t\t\t\t\t\t\tPhone Number\t\t\t\t\t\t\t<\/label>\n\t\t\t\t\t\t\t\t<input size=\"1\" type=\"tel\" name=\"form_fields[field_2]\" id=\"form-field-field_2\" class=\"elementor-field elementor-size-sm  elementor-field-textual\" placeholder=\"Num\u00e9ro de t\u00e9l\u00e9phone\" pattern=\"[0-9()#&amp;+*-=.]+\" title=\"Only numbers and phone characters (#, -, *, etc) are accepted.\">\n\n\t\t\t\t\t\t<\/div>\n\t\t\t\t\t\t\t\t<div class=\"elementor-field-type-email elementor-field-group elementor-column elementor-field-group-field_1 elementor-col-40\">\n\t\t\t\t\t\t\t\t\t\t\t\t<label for=\"form-field-field_1\" class=\"elementor-field-label elementor-screen-only\">\n\t\t\t\t\t\t\t\tEmail\t\t\t\t\t\t\t<\/label>\n\t\t\t\t\t\t\t\t\t\t\t\t\t\t<input size=\"1\" type=\"email\" name=\"form_fields[field_1]\" id=\"form-field-field_1\" class=\"elementor-field elementor-size-sm  elementor-field-textual\" placeholder=\"E-mail\">\n\t\t\t\t\t\t\t\t\t\t\t<\/div>\n\t\t\t\t\t\t\t\t<div class=\"elementor-field-type-date elementor-field-group elementor-column elementor-field-group-field_5f13628 elementor-col-30 elementor-field-required\">\n\t\t\t\t\t\t\t\t\t\t\t\t<label for=\"form-field-field_5f13628\" class=\"elementor-field-label elementor-screen-only\">\n\t\t\t\t\t\t\t\tDate\t\t\t\t\t\t\t<\/label>\n\t\t\t\t\t\t\n\t\t<input type=\"date\" name=\"form_fields[field_5f13628]\" id=\"form-field-field_5f13628\" class=\"elementor-field elementor-size-sm  elementor-field-textual elementor-date-field\" placeholder=\"Date\" required=\"required\" pattern=\"[0-9]{4}-[0-9]{2}-[0-9]{2}\">\n\t\t\t\t\t\t<\/div>\n\t\t\t\t\t\t\t\t<div class=\"elementor-field-type-select elementor-field-group elementor-column elementor-field-group-field_ef2d50d elementor-col-30\">\n\t\t\t\t\t\t\t\t\t\t\t\t<label for=\"form-field-field_ef2d50d\" class=\"elementor-field-label elementor-screen-only\">\n\t\t\t\t\t\t\t\tNombre de personnes\t\t\t\t\t\t\t<\/label>\n\t\t\t\t\t\t\t\t<div class=\"elementor-field elementor-select-wrapper remove-before \">\n\t\t\t<div class=\"select-caret-down-wrapper\">\n\t\t\t\t<svg aria-hidden=\"true\" class=\"e-font-icon-svg e-eicon-caret-down\" viewBox=\"0 0 571.4 571.4\" xmlns=\"http:\/\/www.w3.org\/2000\/svg\"><path d=\"M571 393Q571 407 561 418L311 668Q300 679 286 679T261 668L11 418Q0 407 0 393T11 368 36 357H536Q550 357 561 368T571 393Z\"><\/path><\/svg>\t\t\t<\/div>\n\t\t\t<select name=\"form_fields[field_ef2d50d]\" id=\"form-field-field_ef2d50d\" class=\"elementor-field-textual elementor-size-sm\">\n\t\t\t\t\t\t\t\t\t<option value=\"5\">5<\/option>\n\t\t\t\t\t\t\t\t\t<option value=\"6\">6<\/option>\n\t\t\t\t\t\t\t<\/select>\n\t\t<\/div>\n\t\t\t\t\t\t<\/div>\n\t\t\t\t\t\t\t\t<div class=\"elementor-field-type-textarea elementor-field-group elementor-column elementor-field-group-field_4 elementor-col-100\">\n\t\t\t\t\t\t\t\t\t\t\t\t<label for=\"form-field-field_4\" class=\"elementor-field-label elementor-screen-only\">\n\t\t\t\t\t\t\t\tMessage\t\t\t\t\t\t\t<\/label>\n\t\t\t\t\t\t<textarea class=\"elementor-field-textual elementor-field  elementor-size-sm\" name=\"form_fields[field_4]\" id=\"form-field-field_4\" rows=\"4\" placeholder=\"Message\"><\/textarea>\t\t\t\t<\/div>\n\t\t\t\t\t\t\t\t<div class=\"elementor-field-type-recaptcha_v3 elementor-field-group elementor-column elementor-field-group-field_8c98d42 elementor-col-100 recaptcha_v3-bottomright\">\n\t\t\t\t\t<div class=\"elementor-field\" id=\"form-field-field_8c98d42\"><div class=\"elementor-g-recaptcha\" data-sitekey=\"6LeUescpAAAAAAF98tvbPj_Xs-9LrV2xE0hCRP3h\" data-type=\"v3\" data-action=\"Form\" data-badge=\"bottomright\" data-size=\"invisible\"><\/div><\/div>\t\t\t\t<\/div>\n\t\t\t\t\t\t\t\t<div class=\"elementor-field-group elementor-column elementor-field-type-submit elementor-col-100 e-form__buttons elementor-sm-100\">\n\t\t\t\t\t<button class=\"elementor-button elementor-size-md\" type=\"submit\">\n\t\t\t\t\t\t<span class=\"elementor-button-content-wrapper\">\n\t\t\t\t\t\t\t\t\t\t\t\t\t\t\t\t\t\t\t\t\t\t<span class=\"elementor-button-text\">Envoyer<\/span>\n\t\t\t\t\t\t\t\t\t\t\t\t\t<\/span>\n\t\t\t\t\t<\/button>\n\t\t\t\t<\/div>\n\t\t\t<\/div>\n\t\t<\/form>\n\t\t\t\t\t\t<\/div>\n\t\t\t\t<\/div>\n\t\t\t\t\t<\/div>\n\t\t<\/div>\n\t\t\t\t\t<\/div>\n\t\t<\/section>\n\t\t\t\t<section class=\"elementor-section elementor-top-section elementor-element elementor-element-db4b9ec elementor-reverse-mobile elementor-section-boxed elementor-section-height-default elementor-section-height-default\" data-id=\"db4b9ec\" data-element_type=\"section\">\n\t\t\t\t\t\t<div class=\"elementor-container elementor-column-gap-default\">\n\t\t\t\t\t<div class=\"elementor-column elementor-col-100 elementor-top-column elementor-element elementor-element-64651fb\" data-id=\"64651fb\" data-element_type=\"column\">\n\t\t\t<div class=\"elementor-widget-wrap elementor-element-populated\">\n\t\t\t\t\t\t<div class=\"elementor-element elementor-element-e4d0f0b elementor-widget elementor-widget-menu-anchor\" data-id=\"e4d0f0b\" data-element_type=\"widget\" data-widget_type=\"menu-anchor.default\">\n\t\t\t\t<div class=\"elementor-widget-container\">\n\t\t\t\t\t\t\t<div class=\"elementor-menu-anchor\" id=\"menu\"><\/div>\n\t\t\t\t\t\t<\/div>\n\t\t\t\t<\/div>\n\t\t\t\t<div class=\"elementor-element elementor-element-b5ad088 elementor-widget elementor-widget-image\" data-id=\"b5ad088\" data-element_type=\"widget\" data-widget_type=\"image.default\">\n\t\t\t\t<div class=\"elementor-widget-container\">\n\t\t\t\t\t\t\t\t\t\t\t\t\t\t\t\t<a href=\"https:\/\/restaurantbeba.ca\/wp-content\/uploads\/2024\/02\/MENU-DU-GROUPE-FRANCAIS-2024.jpg\" data-elementor-open-lightbox=\"yes\" data-elementor-lightbox-title=\"MENU DU GROUPE - FRANCAIS (2024)\" data-e-action-hash=\"#elementor-action%3Aaction%3Dlightbox%26settings%3DeyJpZCI6MTcyMSwidXJsIjoiaHR0cHM6XC9cL3Jlc3RhdXJhbnRiZWJhLmNhXC93cC1jb250ZW50XC91cGxvYWRzXC8yMDI0XC8wMlwvTUVOVS1EVS1HUk9VUEUtRlJBTkNBSVMtMjAyNC5qcGcifQ%3D%3D\">\n\t\t\t\t\t\t\t<img fetchpriority=\"high\" decoding=\"async\" width=\"791\" height=\"1024\" src=\"https:\/\/restaurantbeba.ca\/wp-content\/uploads\/2024\/02\/MENU-DU-GROUPE-FRANCAIS-2024.jpg\" class=\"attachment-full size-full wp-image-1721\" alt=\"\" srcset=\"https:\/\/restaurantbeba.ca\/wp-content\/uploads\/2024\/02\/MENU-DU-GROUPE-FRANCAIS-2024.jpg 791w, https:\/\/restaurantbeba.ca\/wp-content\/uploads\/2024\/02\/MENU-DU-GROUPE-FRANCAIS-2024-232x300.jpg 232w, https:\/\/restaurantbeba.ca\/wp-content\/uploads\/2024\/02\/MENU-DU-GROUPE-FRANCAIS-2024-768x994.jpg 768w, https:\/\/restaurantbeba.ca\/wp-content\/uploads\/2024\/02\/MENU-DU-GROUPE-FRANCAIS-2024-9x12.jpg 9w, https:\/\/restaurantbeba.ca\/wp-content\/uploads\/2024\/02\/MENU-DU-GROUPE-FRANCAIS-2024-600x777.jpg 600w\" sizes=\"(max-width: 791px) 100vw, 791px\" \/>\t\t\t\t\t\t\t\t<\/a>\n\t\t\t\t\t\t\t\t\t\t\t\t\t\t\t<\/div>\n\t\t\t\t<\/div>\n\t\t\t\t\t<\/div>\n\t\t<\/div>\n\t\t\t\t\t<\/div>\n\t\t<\/section>\n\t\t\t\t<\/div>\n\t\t","protected":false},"excerpt":{"rendered":"<p>demande de R\u00e9servation de groupe Pour les groupes de cinq personnes et plus, nous offrons un menu de groupe \u00e0 partir de 120 $ par personne compos\u00e9 de quatre plats \u00e0 partager : poissons et fruits de mer, viandes r\u00f4ties et brais\u00e9es, accompagnements de l\u00e9gumes et salades, et desserts. Veuillez noter que les boissons, les [&hellip;]<\/p>\n","protected":false},"author":5720,"featured_media":1390,"parent":0,"menu_order":0,"comment_status":"closed","ping_status":"closed","template":"elementor_header_footer","meta":{"footnotes":""},"class_list":["post-369","page","type-page","status-publish","has-post-thumbnail","hentry"],"yoast_head":"<!-- This site is optimized with the Yoast SEO Premium plugin v26.7 (Yoast SEO v27.3) - https:\/\/yoast.com\/product\/yoast-seo-premium-wordpress\/ -->\n<title>R\u00e9servations de groupe - Restaurant Beba<\/title>\n<meta name=\"robots\" content=\"index, follow, max-snippet:-1, max-image-preview:large, max-video-preview:-1\" \/>\n<link rel=\"canonical\" href=\"https:\/\/restaurantbeba.ca\/en\/reservations-de-groupe\/\" \/>\n<meta property=\"og:locale\" content=\"en_US\" \/>\n<meta property=\"og:type\" content=\"article\" \/>\n<meta property=\"og:title\" content=\"R\u00e9servations de groupe\" \/>\n<meta property=\"og:description\" content=\"demande de R\u00e9servation de groupe Pour les groupes de cinq personnes et plus, nous offrons un menu de groupe \u00e0 partir de 120 $ par personne compos\u00e9 de quatre plats \u00e0 partager : poissons et fruits de mer, viandes r\u00f4ties et brais\u00e9es, accompagnements de l\u00e9gumes et salades, et desserts. Veuillez noter que les boissons, les [&hellip;]\" \/>\n<meta property=\"og:url\" content=\"https:\/\/restaurantbeba.ca\/en\/reservations-de-groupe\/\" \/>\n<meta property=\"og:site_name\" content=\"Restaurant Beba\" \/>\n<meta property=\"article:publisher\" content=\"https:\/\/www.facebook.com\/RestaurantBeba\/\" \/>\n<meta property=\"article:modified_time\" content=\"2025-05-10T14:32:12+00:00\" \/>\n<meta property=\"og:image\" content=\"https:\/\/restaurantbeba.ca\/wp-content\/uploads\/2023\/01\/cropped-305487762_496718679130183_4402144653009553584_n.jpeg\" \/>\n\t<meta property=\"og:image:width\" content=\"512\" \/>\n\t<meta property=\"og:image:height\" content=\"512\" \/>\n\t<meta property=\"og:image:type\" content=\"image\/jpeg\" \/>\n<meta name=\"twitter:card\" content=\"summary_large_image\" \/>\n<meta name=\"twitter:label1\" content=\"Est. reading time\" \/>\n\t<meta name=\"twitter:data1\" content=\"1 minute\" \/>\n<script type=\"application\/ld+json\" class=\"yoast-schema-graph\">{\"@context\":\"https:\\\/\\\/schema.org\",\"@graph\":[{\"@type\":\"WebPage\",\"@id\":\"https:\\\/\\\/restaurantbeba.ca\\\/reservations-de-groupe\\\/\",\"url\":\"https:\\\/\\\/restaurantbeba.ca\\\/reservations-de-groupe\\\/\",\"name\":\"R\u00e9servations de groupe - Restaurant Beba\",\"isPartOf\":{\"@id\":\"https:\\\/\\\/restaurantbeba.ca\\\/#website\"},\"primaryImageOfPage\":{\"@id\":\"https:\\\/\\\/restaurantbeba.ca\\\/reservations-de-groupe\\\/#primaryimage\"},\"image\":{\"@id\":\"https:\\\/\\\/restaurantbeba.ca\\\/reservations-de-groupe\\\/#primaryimage\"},\"thumbnailUrl\":\"https:\\\/\\\/restaurantbeba.ca\\\/wp-content\\\/uploads\\\/2023\\\/01\\\/cropped-305487762_496718679130183_4402144653009553584_n.jpeg\",\"datePublished\":\"2023-02-13T16:06:30+00:00\",\"dateModified\":\"2025-05-10T14:32:12+00:00\",\"breadcrumb\":{\"@id\":\"https:\\\/\\\/restaurantbeba.ca\\\/reservations-de-groupe\\\/#breadcrumb\"},\"inLanguage\":\"en-CA\",\"potentialAction\":[{\"@type\":\"ReadAction\",\"target\":[\"https:\\\/\\\/restaurantbeba.ca\\\/reservations-de-groupe\\\/\"]}]},{\"@type\":\"ImageObject\",\"inLanguage\":\"en-CA\",\"@id\":\"https:\\\/\\\/restaurantbeba.ca\\\/reservations-de-groupe\\\/#primaryimage\",\"url\":\"https:\\\/\\\/restaurantbeba.ca\\\/wp-content\\\/uploads\\\/2023\\\/01\\\/cropped-305487762_496718679130183_4402144653009553584_n.jpeg\",\"contentUrl\":\"https:\\\/\\\/restaurantbeba.ca\\\/wp-content\\\/uploads\\\/2023\\\/01\\\/cropped-305487762_496718679130183_4402144653009553584_n.jpeg\",\"width\":512,\"height\":512},{\"@type\":\"BreadcrumbList\",\"@id\":\"https:\\\/\\\/restaurantbeba.ca\\\/reservations-de-groupe\\\/#breadcrumb\",\"itemListElement\":[{\"@type\":\"ListItem\",\"position\":1,\"name\":\"Home\",\"item\":\"https:\\\/\\\/restaurantbeba.ca\\\/\"},{\"@type\":\"ListItem\",\"position\":2,\"name\":\"R\u00e9servations de groupe\"}]},{\"@type\":\"WebSite\",\"@id\":\"https:\\\/\\\/restaurantbeba.ca\\\/#website\",\"url\":\"https:\\\/\\\/restaurantbeba.ca\\\/\",\"name\":\"Restaurant Beba\",\"description\":\"Beba est un petit restaurant intime au c\u0153ur de Verdun servant des plats et des boissons inspir\u00e9s des cultures espagnole et italienne qui se sont install\u00e9es en Argentine.\",\"publisher\":{\"@id\":\"https:\\\/\\\/restaurantbeba.ca\\\/#organization\"},\"potentialAction\":[{\"@type\":\"SearchAction\",\"target\":{\"@type\":\"EntryPoint\",\"urlTemplate\":\"https:\\\/\\\/restaurantbeba.ca\\\/?s={search_term_string}\"},\"query-input\":{\"@type\":\"PropertyValueSpecification\",\"valueRequired\":true,\"valueName\":\"search_term_string\"}}],\"inLanguage\":\"en-CA\"},{\"@type\":\"Organization\",\"@id\":\"https:\\\/\\\/restaurantbeba.ca\\\/#organization\",\"name\":\"Restaurant Beba\",\"url\":\"https:\\\/\\\/restaurantbeba.ca\\\/\",\"logo\":{\"@type\":\"ImageObject\",\"inLanguage\":\"en-CA\",\"@id\":\"https:\\\/\\\/restaurantbeba.ca\\\/#\\\/schema\\\/logo\\\/image\\\/\",\"url\":\"https:\\\/\\\/restaurantbeba.ca\\\/wp-content\\\/uploads\\\/2023\\\/01\\\/beba_logo_white_140x-2.png\",\"contentUrl\":\"https:\\\/\\\/restaurantbeba.ca\\\/wp-content\\\/uploads\\\/2023\\\/01\\\/beba_logo_white_140x-2.png\",\"width\":140,\"height\":54,\"caption\":\"Restaurant Beba\"},\"image\":{\"@id\":\"https:\\\/\\\/restaurantbeba.ca\\\/#\\\/schema\\\/logo\\\/image\\\/\"},\"sameAs\":[\"https:\\\/\\\/www.facebook.com\\\/RestaurantBeba\\\/\",\"https:\\\/\\\/www.instagram.com\\\/restaurantbeba\\\/?hl=en\"]}]}<\/script>\n<!-- \/ Yoast SEO Premium plugin. -->","yoast_head_json":{"title":"R\u00e9servations de groupe - Restaurant Beba","robots":{"index":"index","follow":"follow","max-snippet":"max-snippet:-1","max-image-preview":"max-image-preview:large","max-video-preview":"max-video-preview:-1"},"canonical":"https:\/\/restaurantbeba.ca\/en\/reservations-de-groupe\/","og_locale":"en_US","og_type":"article","og_title":"R\u00e9servations de groupe","og_description":"demande de R\u00e9servation de groupe Pour les groupes de cinq personnes et plus, nous offrons un menu de groupe \u00e0 partir de 120 $ par personne compos\u00e9 de quatre plats \u00e0 partager : poissons et fruits de mer, viandes r\u00f4ties et brais\u00e9es, accompagnements de l\u00e9gumes et salades, et desserts. Veuillez noter que les boissons, les [&hellip;]","og_url":"https:\/\/restaurantbeba.ca\/en\/reservations-de-groupe\/","og_site_name":"Restaurant Beba","article_publisher":"https:\/\/www.facebook.com\/RestaurantBeba\/","article_modified_time":"2025-05-10T14:32:12+00:00","og_image":[{"width":512,"height":512,"url":"https:\/\/restaurantbeba.ca\/wp-content\/uploads\/2023\/01\/cropped-305487762_496718679130183_4402144653009553584_n.jpeg","type":"image\/jpeg"}],"twitter_card":"summary_large_image","twitter_misc":{"Est. reading time":"1 minute"},"schema":{"@context":"https:\/\/schema.org","@graph":[{"@type":"WebPage","@id":"https:\/\/restaurantbeba.ca\/reservations-de-groupe\/","url":"https:\/\/restaurantbeba.ca\/reservations-de-groupe\/","name":"R\u00e9servations de groupe - Restaurant Beba","isPartOf":{"@id":"https:\/\/restaurantbeba.ca\/#website"},"primaryImageOfPage":{"@id":"https:\/\/restaurantbeba.ca\/reservations-de-groupe\/#primaryimage"},"image":{"@id":"https:\/\/restaurantbeba.ca\/reservations-de-groupe\/#primaryimage"},"thumbnailUrl":"https:\/\/restaurantbeba.ca\/wp-content\/uploads\/2023\/01\/cropped-305487762_496718679130183_4402144653009553584_n.jpeg","datePublished":"2023-02-13T16:06:30+00:00","dateModified":"2025-05-10T14:32:12+00:00","breadcrumb":{"@id":"https:\/\/restaurantbeba.ca\/reservations-de-groupe\/#breadcrumb"},"inLanguage":"en-CA","potentialAction":[{"@type":"ReadAction","target":["https:\/\/restaurantbeba.ca\/reservations-de-groupe\/"]}]},{"@type":"ImageObject","inLanguage":"en-CA","@id":"https:\/\/restaurantbeba.ca\/reservations-de-groupe\/#primaryimage","url":"https:\/\/restaurantbeba.ca\/wp-content\/uploads\/2023\/01\/cropped-305487762_496718679130183_4402144653009553584_n.jpeg","contentUrl":"https:\/\/restaurantbeba.ca\/wp-content\/uploads\/2023\/01\/cropped-305487762_496718679130183_4402144653009553584_n.jpeg","width":512,"height":512},{"@type":"BreadcrumbList","@id":"https:\/\/restaurantbeba.ca\/reservations-de-groupe\/#breadcrumb","itemListElement":[{"@type":"ListItem","position":1,"name":"Home","item":"https:\/\/restaurantbeba.ca\/"},{"@type":"ListItem","position":2,"name":"R\u00e9servations de groupe"}]},{"@type":"WebSite","@id":"https:\/\/restaurantbeba.ca\/#website","url":"https:\/\/restaurantbeba.ca\/","name":"Restaurant Beba","description":"Beba est un petit restaurant intime au c\u0153ur de Verdun servant des plats et des boissons inspir\u00e9s des cultures espagnole et italienne qui se sont install\u00e9es en Argentine.","publisher":{"@id":"https:\/\/restaurantbeba.ca\/#organization"},"potentialAction":[{"@type":"SearchAction","target":{"@type":"EntryPoint","urlTemplate":"https:\/\/restaurantbeba.ca\/?s={search_term_string}"},"query-input":{"@type":"PropertyValueSpecification","valueRequired":true,"valueName":"search_term_string"}}],"inLanguage":"en-CA"},{"@type":"Organization","@id":"https:\/\/restaurantbeba.ca\/#organization","name":"Restaurant Beba","url":"https:\/\/restaurantbeba.ca\/","logo":{"@type":"ImageObject","inLanguage":"en-CA","@id":"https:\/\/restaurantbeba.ca\/#\/schema\/logo\/image\/","url":"https:\/\/restaurantbeba.ca\/wp-content\/uploads\/2023\/01\/beba_logo_white_140x-2.png","contentUrl":"https:\/\/restaurantbeba.ca\/wp-content\/uploads\/2023\/01\/beba_logo_white_140x-2.png","width":140,"height":54,"caption":"Restaurant Beba"},"image":{"@id":"https:\/\/restaurantbeba.ca\/#\/schema\/logo\/image\/"},"sameAs":["https:\/\/www.facebook.com\/RestaurantBeba\/","https:\/\/www.instagram.com\/restaurantbeba\/?hl=en"]}]}},"_links":{"self":[{"href":"https:\/\/restaurantbeba.ca\/en\/wp-json\/wp\/v2\/pages\/369","targetHints":{"allow":["GET"]}}],"collection":[{"href":"https:\/\/restaurantbeba.ca\/en\/wp-json\/wp\/v2\/pages"}],"about":[{"href":"https:\/\/restaurantbeba.ca\/en\/wp-json\/wp\/v2\/types\/page"}],"author":[{"embeddable":true,"href":"https:\/\/restaurantbeba.ca\/en\/wp-json\/wp\/v2\/users\/5720"}],"replies":[{"embeddable":true,"href":"https:\/\/restaurantbeba.ca\/en\/wp-json\/wp\/v2\/comments?post=369"}],"version-history":[{"count":25,"href":"https:\/\/restaurantbeba.ca\/en\/wp-json\/wp\/v2\/pages\/369\/revisions"}],"predecessor-version":[{"id":2952,"href":"https:\/\/restaurantbeba.ca\/en\/wp-json\/wp\/v2\/pages\/369\/revisions\/2952"}],"wp:featuredmedia":[{"embeddable":true,"href":"https:\/\/restaurantbeba.ca\/en\/wp-json\/wp\/v2\/media\/1390"}],"wp:attachment":[{"href":"https:\/\/restaurantbeba.ca\/en\/wp-json\/wp\/v2\/media?parent=369"}],"curies":[{"name":"wp","href":"https:\/\/api.w.org\/{rel}","templated":true}]}}