{"id":25,"date":"2023-01-25T16:23:18","date_gmt":"2023-01-25T21:23:18","guid":{"rendered":"https:\/\/restaurantbeba.ca\/contact-us\/"},"modified":"2024-02-06T21:14:45","modified_gmt":"2024-02-07T02:14:45","slug":"contact","status":"publish","type":"page","link":"https:\/\/restaurantbeba.ca\/en\/contact\/","title":{"rendered":"Contact | Restaurant Beba"},"content":{"rendered":"\t\t<div data-elementor-type=\"wp-page\" data-elementor-id=\"25\" class=\"elementor elementor-25\" data-elementor-post-type=\"page\">\n\t\t\t\t\t\t<section class=\"elementor-section elementor-top-section elementor-element elementor-element-753bcaba elementor-section-content-middle elementor-section-height-min-height elementor-section-items-top elementor-section-boxed elementor-section-height-default\" data-id=\"753bcaba\" data-element_type=\"section\">\n\t\t\t\t\t\t<div class=\"elementor-container elementor-column-gap-default\">\n\t\t\t\t\t<div class=\"elementor-column elementor-col-50 elementor-top-column elementor-element elementor-element-450e21ba\" data-id=\"450e21ba\" data-element_type=\"column\">\n\t\t\t<div class=\"elementor-widget-wrap elementor-element-populated\">\n\t\t\t\t\t\t<div class=\"elementor-element elementor-element-ac7db59 elementor-widget elementor-widget-heading\" data-id=\"ac7db59\" data-element_type=\"widget\" data-widget_type=\"heading.default\">\n\t\t\t\t<div class=\"elementor-widget-container\">\n\t\t\t\t\t<h2 class=\"elementor-heading-title elementor-size-default\">Nous joindre<\/h2>\t\t\t\t<\/div>\n\t\t\t\t<\/div>\n\t\t\t\t<div class=\"elementor-element elementor-element-58c7fe42 elementor-button-align-end elementor-widget elementor-widget-form\" data-id=\"58c7fe42\" data-element_type=\"widget\" data-settings=\"{&quot;step_next_label&quot;:&quot;Next&quot;,&quot;step_previous_label&quot;:&quot;Previous&quot;,&quot;step_type&quot;:&quot;number_text&quot;,&quot;step_icon_shape&quot;:&quot;circle&quot;}\" data-widget_type=\"form.default\">\n\t\t\t\t<div class=\"elementor-widget-container\">\n\t\t\t\t\t\t\t<form class=\"elementor-form\" method=\"post\" name=\"Contact\" aria-label=\"Contact\">\n\t\t\t<input type=\"hidden\" name=\"post_id\" value=\"25\"\/>\n\t\t\t<input type=\"hidden\" name=\"form_id\" value=\"58c7fe42\"\/>\n\t\t\t<input type=\"hidden\" name=\"referer_title\" value=\"Restaurant Beba\" \/>\n\n\t\t\t\n\t\t\t<div class=\"elementor-form-fields-wrapper elementor-labels-\">\n\t\t\t\t\t\t\t\t<div class=\"elementor-field-type-text elementor-field-group elementor-column elementor-field-group-name elementor-col-50\">\n\t\t\t\t\t\t\t\t\t\t\t\t<label for=\"form-field-name\" class=\"elementor-field-label elementor-screen-only\">\n\t\t\t\t\t\t\t\tFirst Name\t\t\t\t\t\t\t<\/label>\n\t\t\t\t\t\t\t\t\t\t\t\t\t\t<input size=\"1\" type=\"text\" name=\"form_fields[name]\" id=\"form-field-name\" class=\"elementor-field elementor-size-sm  elementor-field-textual\" placeholder=\"Pr\u00e9nom\">\n\t\t\t\t\t\t\t\t\t\t\t<\/div>\n\t\t\t\t\t\t\t\t<div class=\"elementor-field-type-text elementor-field-group elementor-column elementor-field-group-field_3 elementor-col-50\">\n\t\t\t\t\t\t\t\t\t\t\t\t<label for=\"form-field-field_3\" class=\"elementor-field-label elementor-screen-only\">\n\t\t\t\t\t\t\t\tLast Name\t\t\t\t\t\t\t<\/label>\n\t\t\t\t\t\t\t\t\t\t\t\t\t\t<input size=\"1\" type=\"text\" name=\"form_fields[field_3]\" id=\"form-field-field_3\" class=\"elementor-field elementor-size-sm  elementor-field-textual\" placeholder=\"nom de famille\">\n\t\t\t\t\t\t\t\t\t\t\t<\/div>\n\t\t\t\t\t\t\t\t<div class=\"elementor-field-type-tel elementor-field-group elementor-column elementor-field-group-field_2 elementor-col-50\">\n\t\t\t\t\t\t\t\t\t\t\t\t<label for=\"form-field-field_2\" class=\"elementor-field-label elementor-screen-only\">\n\t\t\t\t\t\t\t\tPhone Number\t\t\t\t\t\t\t<\/label>\n\t\t\t\t\t\t\t\t<input size=\"1\" type=\"tel\" name=\"form_fields[field_2]\" id=\"form-field-field_2\" class=\"elementor-field elementor-size-sm  elementor-field-textual\" placeholder=\"Num\u00e9ro de t\u00e9l\u00e9phone\" pattern=\"[0-9()#&amp;+*-=.]+\" title=\"Only numbers and phone characters (#, -, *, etc) are accepted.\">\n\n\t\t\t\t\t\t<\/div>\n\t\t\t\t\t\t\t\t<div class=\"elementor-field-type-email elementor-field-group elementor-column elementor-field-group-field_1 elementor-col-50\">\n\t\t\t\t\t\t\t\t\t\t\t\t<label for=\"form-field-field_1\" class=\"elementor-field-label elementor-screen-only\">\n\t\t\t\t\t\t\t\tEmail\t\t\t\t\t\t\t<\/label>\n\t\t\t\t\t\t\t\t\t\t\t\t\t\t<input size=\"1\" type=\"email\" name=\"form_fields[field_1]\" id=\"form-field-field_1\" class=\"elementor-field elementor-size-sm  elementor-field-textual\" placeholder=\" E-mail\">\n\t\t\t\t\t\t\t\t\t\t\t<\/div>\n\t\t\t\t\t\t\t\t<div class=\"elementor-field-type-textarea elementor-field-group elementor-column elementor-field-group-field_4 elementor-col-100\">\n\t\t\t\t\t\t\t\t\t\t\t\t<label for=\"form-field-field_4\" class=\"elementor-field-label elementor-screen-only\">\n\t\t\t\t\t\t\t\tMessage\t\t\t\t\t\t\t<\/label>\n\t\t\t\t\t\t<textarea class=\"elementor-field-textual elementor-field  elementor-size-sm\" name=\"form_fields[field_4]\" id=\"form-field-field_4\" rows=\"4\" placeholder=\"Message\"><\/textarea>\t\t\t\t<\/div>\n\t\t\t\t\t\t\t\t<div class=\"elementor-field-type-recaptcha_v3 elementor-field-group elementor-column elementor-field-group-field_0b09de2 elementor-col-100 recaptcha_v3-bottomright\">\n\t\t\t\t\t<div class=\"elementor-field\" id=\"form-field-field_0b09de2\"><div class=\"elementor-g-recaptcha\" data-sitekey=\"6LeUescpAAAAAAF98tvbPj_Xs-9LrV2xE0hCRP3h\" data-type=\"v3\" data-action=\"Form\" data-badge=\"bottomright\" data-size=\"invisible\"><\/div><\/div>\t\t\t\t<\/div>\n\t\t\t\t\t\t\t\t<div class=\"elementor-field-group elementor-column elementor-field-type-submit elementor-col-100 e-form__buttons\">\n\t\t\t\t\t<button class=\"elementor-button elementor-size-sm\" type=\"submit\">\n\t\t\t\t\t\t<span class=\"elementor-button-content-wrapper\">\n\t\t\t\t\t\t\t\t\t\t\t\t\t\t\t\t\t\t\t\t\t\t<span class=\"elementor-button-text\">Envoyer<\/span>\n\t\t\t\t\t\t\t\t\t\t\t\t\t<\/span>\n\t\t\t\t\t<\/button>\n\t\t\t\t<\/div>\n\t\t\t<\/div>\n\t\t<\/form>\n\t\t\t\t\t\t<\/div>\n\t\t\t\t<\/div>\n\t\t\t\t\t<\/div>\n\t\t<\/div>\n\t\t\t\t<div class=\"elementor-column elementor-col-50 elementor-top-column elementor-element elementor-element-30bb913b\" data-id=\"30bb913b\" data-element_type=\"column\">\n\t\t\t<div class=\"elementor-widget-wrap elementor-element-populated\">\n\t\t\t\t\t\t<div class=\"elementor-element elementor-element-3f1f1e7c elementor-widget elementor-widget-google_maps\" data-id=\"3f1f1e7c\" data-element_type=\"widget\" data-settings=\"{&quot;motion_fx_motion_fx_scrolling&quot;:&quot;yes&quot;,&quot;motion_fx_translateY_effect&quot;:&quot;yes&quot;,&quot;motion_fx_translateY_direction&quot;:&quot;negative&quot;,&quot;motion_fx_translateY_speed&quot;:{&quot;unit&quot;:&quot;px&quot;,&quot;size&quot;:&quot;1&quot;,&quot;sizes&quot;:[]},&quot;motion_fx_translateY_affectedRange&quot;:{&quot;unit&quot;:&quot;%&quot;,&quot;size&quot;:&quot;&quot;,&quot;sizes&quot;:{&quot;start&quot;:0,&quot;end&quot;:100}},&quot;motion_fx_devices&quot;:[&quot;desktop&quot;,&quot;tablet&quot;,&quot;mobile&quot;]}\" data-widget_type=\"google_maps.default\">\n\t\t\t\t<div class=\"elementor-widget-container\">\n\t\t\t\t\t\t\t<div class=\"elementor-custom-embed\">\n\t\t\t<iframe loading=\"lazy\"\n\t\t\t\t\tsrc=\"https:\/\/maps.google.com\/maps?q=restaurant%20beba&#038;t=m&#038;z=12&#038;output=embed&#038;iwloc=near\"\n\t\t\t\t\ttitle=\"restaurant beba\"\n\t\t\t\t\taria-label=\"restaurant beba\"\n\t\t\t><\/iframe>\n\t\t<\/div>\n\t\t\t\t\t\t<\/div>\n\t\t\t\t<\/div>\n\t\t\t\t\t<\/div>\n\t\t<\/div>\n\t\t\t\t\t<\/div>\n\t\t<\/section>\n\t\t\t\t<\/div>\n\t\t","protected":false},"excerpt":{"rendered":"<p>Contact Us<\/p>","protected":false},"author":5720,"featured_media":0,"parent":0,"menu_order":0,"comment_status":"closed","ping_status":"closed","template":"elementor_header_footer","meta":{"footnotes":""},"class_list":["post-25","page","type-page","status-publish","hentry"],"yoast_head":"<!-- This site is optimized with the Yoast SEO Premium plugin v26.7 (Yoast SEO v27.4) - https:\/\/yoast.com\/product\/yoast-seo-premium-wordpress\/ -->\n<title>Contact | Restaurant Beba - Restaurant Beba<\/title>\n<meta name=\"robots\" content=\"index, follow, max-snippet:-1, max-image-preview:large, max-video-preview:-1\" \/>\n<link rel=\"canonical\" href=\"https:\/\/restaurantbeba.ca\/en\/contact\/\" \/>\n<meta property=\"og:locale\" content=\"en_US\" \/>\n<meta property=\"og:type\" content=\"article\" \/>\n<meta property=\"og:title\" content=\"Contact | Restaurant Beba\" \/>\n<meta property=\"og:description\" content=\"Nous joindre\" \/>\n<meta property=\"og:url\" content=\"https:\/\/restaurantbeba.ca\/en\/contact\/\" \/>\n<meta property=\"og:site_name\" content=\"Restaurant Beba\" \/>\n<meta property=\"article:publisher\" content=\"https:\/\/www.facebook.com\/RestaurantBeba\/\" \/>\n<meta property=\"article:modified_time\" content=\"2024-02-07T02:14:45+00:00\" \/>\n<meta name=\"twitter:card\" content=\"summary_large_image\" \/>\n<meta name=\"twitter:label1\" content=\"Est. reading time\" \/>\n\t<meta name=\"twitter:data1\" content=\"1 minute\" \/>\n<script type=\"application\/ld+json\" class=\"yoast-schema-graph\">{\"@context\":\"https:\\\/\\\/schema.org\",\"@graph\":[{\"@type\":\"WebPage\",\"@id\":\"https:\\\/\\\/restaurantbeba.ca\\\/contact\\\/\",\"url\":\"https:\\\/\\\/restaurantbeba.ca\\\/contact\\\/\",\"name\":\"Contact | Restaurant Beba - Restaurant Beba\",\"isPartOf\":{\"@id\":\"https:\\\/\\\/restaurantbeba.ca\\\/#website\"},\"datePublished\":\"2023-01-25T21:23:18+00:00\",\"dateModified\":\"2024-02-07T02:14:45+00:00\",\"breadcrumb\":{\"@id\":\"https:\\\/\\\/restaurantbeba.ca\\\/contact\\\/#breadcrumb\"},\"inLanguage\":\"en-CA\",\"potentialAction\":[{\"@type\":\"ReadAction\",\"target\":[\"https:\\\/\\\/restaurantbeba.ca\\\/contact\\\/\"]}]},{\"@type\":\"BreadcrumbList\",\"@id\":\"https:\\\/\\\/restaurantbeba.ca\\\/contact\\\/#breadcrumb\",\"itemListElement\":[{\"@type\":\"ListItem\",\"position\":1,\"name\":\"Home\",\"item\":\"https:\\\/\\\/restaurantbeba.ca\\\/\"},{\"@type\":\"ListItem\",\"position\":2,\"name\":\"Contact | Restaurant Beba\"}]},{\"@type\":\"WebSite\",\"@id\":\"https:\\\/\\\/restaurantbeba.ca\\\/#website\",\"url\":\"https:\\\/\\\/restaurantbeba.ca\\\/\",\"name\":\"Restaurant Beba\",\"description\":\"Beba est un petit restaurant intime au c\u0153ur de Verdun servant des plats et des boissons inspir\u00e9s des cultures espagnole et italienne qui se sont install\u00e9es en Argentine.\",\"publisher\":{\"@id\":\"https:\\\/\\\/restaurantbeba.ca\\\/#organization\"},\"potentialAction\":[{\"@type\":\"SearchAction\",\"target\":{\"@type\":\"EntryPoint\",\"urlTemplate\":\"https:\\\/\\\/restaurantbeba.ca\\\/?s={search_term_string}\"},\"query-input\":{\"@type\":\"PropertyValueSpecification\",\"valueRequired\":true,\"valueName\":\"search_term_string\"}}],\"inLanguage\":\"en-CA\"},{\"@type\":\"Organization\",\"@id\":\"https:\\\/\\\/restaurantbeba.ca\\\/#organization\",\"name\":\"Restaurant Beba\",\"url\":\"https:\\\/\\\/restaurantbeba.ca\\\/\",\"logo\":{\"@type\":\"ImageObject\",\"inLanguage\":\"en-CA\",\"@id\":\"https:\\\/\\\/restaurantbeba.ca\\\/#\\\/schema\\\/logo\\\/image\\\/\",\"url\":\"https:\\\/\\\/restaurantbeba.ca\\\/wp-content\\\/uploads\\\/2023\\\/01\\\/beba_logo_white_140x-2.png\",\"contentUrl\":\"https:\\\/\\\/restaurantbeba.ca\\\/wp-content\\\/uploads\\\/2023\\\/01\\\/beba_logo_white_140x-2.png\",\"width\":140,\"height\":54,\"caption\":\"Restaurant Beba\"},\"image\":{\"@id\":\"https:\\\/\\\/restaurantbeba.ca\\\/#\\\/schema\\\/logo\\\/image\\\/\"},\"sameAs\":[\"https:\\\/\\\/www.facebook.com\\\/RestaurantBeba\\\/\",\"https:\\\/\\\/www.instagram.com\\\/restaurantbeba\\\/?hl=en\"]}]}<\/script>\n<!-- \/ Yoast SEO Premium plugin. -->","yoast_head_json":{"title":"Contact | Restaurant Beba - Restaurant Beba","robots":{"index":"index","follow":"follow","max-snippet":"max-snippet:-1","max-image-preview":"max-image-preview:large","max-video-preview":"max-video-preview:-1"},"canonical":"https:\/\/restaurantbeba.ca\/en\/contact\/","og_locale":"en_US","og_type":"article","og_title":"Contact | Restaurant Beba","og_description":"Nous joindre","og_url":"https:\/\/restaurantbeba.ca\/en\/contact\/","og_site_name":"Restaurant Beba","article_publisher":"https:\/\/www.facebook.com\/RestaurantBeba\/","article_modified_time":"2024-02-07T02:14:45+00:00","twitter_card":"summary_large_image","twitter_misc":{"Est. reading time":"1 minute"},"schema":{"@context":"https:\/\/schema.org","@graph":[{"@type":"WebPage","@id":"https:\/\/restaurantbeba.ca\/contact\/","url":"https:\/\/restaurantbeba.ca\/contact\/","name":"Contact | Restaurant Beba - Restaurant Beba","isPartOf":{"@id":"https:\/\/restaurantbeba.ca\/#website"},"datePublished":"2023-01-25T21:23:18+00:00","dateModified":"2024-02-07T02:14:45+00:00","breadcrumb":{"@id":"https:\/\/restaurantbeba.ca\/contact\/#breadcrumb"},"inLanguage":"en-CA","potentialAction":[{"@type":"ReadAction","target":["https:\/\/restaurantbeba.ca\/contact\/"]}]},{"@type":"BreadcrumbList","@id":"https:\/\/restaurantbeba.ca\/contact\/#breadcrumb","itemListElement":[{"@type":"ListItem","position":1,"name":"Home","item":"https:\/\/restaurantbeba.ca\/"},{"@type":"ListItem","position":2,"name":"Contact | Restaurant Beba"}]},{"@type":"WebSite","@id":"https:\/\/restaurantbeba.ca\/#website","url":"https:\/\/restaurantbeba.ca\/","name":"Restaurant Beba","description":"Beba est un petit restaurant intime au c\u0153ur de Verdun servant des plats et des boissons inspir\u00e9s des cultures espagnole et italienne qui se sont install\u00e9es en Argentine.","publisher":{"@id":"https:\/\/restaurantbeba.ca\/#organization"},"potentialAction":[{"@type":"SearchAction","target":{"@type":"EntryPoint","urlTemplate":"https:\/\/restaurantbeba.ca\/?s={search_term_string}"},"query-input":{"@type":"PropertyValueSpecification","valueRequired":true,"valueName":"search_term_string"}}],"inLanguage":"en-CA"},{"@type":"Organization","@id":"https:\/\/restaurantbeba.ca\/#organization","name":"Restaurant Beba","url":"https:\/\/restaurantbeba.ca\/","logo":{"@type":"ImageObject","inLanguage":"en-CA","@id":"https:\/\/restaurantbeba.ca\/#\/schema\/logo\/image\/","url":"https:\/\/restaurantbeba.ca\/wp-content\/uploads\/2023\/01\/beba_logo_white_140x-2.png","contentUrl":"https:\/\/restaurantbeba.ca\/wp-content\/uploads\/2023\/01\/beba_logo_white_140x-2.png","width":140,"height":54,"caption":"Restaurant Beba"},"image":{"@id":"https:\/\/restaurantbeba.ca\/#\/schema\/logo\/image\/"},"sameAs":["https:\/\/www.facebook.com\/RestaurantBeba\/","https:\/\/www.instagram.com\/restaurantbeba\/?hl=en"]}]}},"_links":{"self":[{"href":"https:\/\/restaurantbeba.ca\/en\/wp-json\/wp\/v2\/pages\/25","targetHints":{"allow":["GET"]}}],"collection":[{"href":"https:\/\/restaurantbeba.ca\/en\/wp-json\/wp\/v2\/pages"}],"about":[{"href":"https:\/\/restaurantbeba.ca\/en\/wp-json\/wp\/v2\/types\/page"}],"author":[{"embeddable":true,"href":"https:\/\/restaurantbeba.ca\/en\/wp-json\/wp\/v2\/users\/5720"}],"replies":[{"embeddable":true,"href":"https:\/\/restaurantbeba.ca\/en\/wp-json\/wp\/v2\/comments?post=25"}],"version-history":[{"count":25,"href":"https:\/\/restaurantbeba.ca\/en\/wp-json\/wp\/v2\/pages\/25\/revisions"}],"predecessor-version":[{"id":1739,"href":"https:\/\/restaurantbeba.ca\/en\/wp-json\/wp\/v2\/pages\/25\/revisions\/1739"}],"wp:attachment":[{"href":"https:\/\/restaurantbeba.ca\/en\/wp-json\/wp\/v2\/media?parent=25"}],"curies":[{"name":"wp","href":"https:\/\/api.w.org\/{rel}","templated":true}]}}